{"id":133,"date":"2022-12-11T14:12:04","date_gmt":"2022-12-11T11:12:04","guid":{"rendered":"https:\/\/sefkattur.com\/index.php\/anasayfa\/"},"modified":"2023-10-04T17:57:34","modified_gmt":"2023-10-04T14:57:34","slug":"anasayfa","status":"publish","type":"page","link":"https:\/\/sefkattur.com\/","title":{"rendered":"Anasayfa"},"content":{"rendered":"\n    \n    <section class=\"u-carousel u-slide u-block-1a36-1\" id=\"carousel_2109\" data-interval=\"5000\" data-u-ride=\"carousel\">\n      <ol class=\"u-absolute-hcenter u-carousel-indicators u-hidden u-block-1a36-2\">\n        <li data-u-target=\"#carousel_2109\" class=\"u-active u-grey-30\" data-u-slide-to=\"0\"><\/li>\n      <\/ol>\n      <div class=\"u-carousel-inner\" role=\"listbox\">\n        <div class=\"u-active u-align-center u-carousel-item u-clearfix u-image u-shading u-section-2-1\" src=\"\" data-image-width=\"1085\" data-image-height=\"507\" style=\"background-image: linear-gradient(0deg, rgba(0, 0, 0, 0.7), rgba(0, 0, 0, 0.7)), url(&quot;http:\/\/sefkattur.com\/wp-content\/uploads\/2022\/12\/kafkas_kocaeliden-sakarya-universitesine-ulasim-2021-11-08-020955-6-1.png&quot;);\">\n          <div class=\"u-clearfix u-sheet u-valign-middle u-sheet-1\">\n            <h1 class=\"u-custom-font u-font-playfair-display u-text u-text-default u-text-grey-25 u-title u-text-1\">\u015eEFKAT TUR\u0130ZM<\/h1>\n            <p class=\"u-custom-font u-font-playfair-display u-large-text u-text u-text-default u-text-variant u-text-2\">TA\u015eIMA GIDA \u0130N\u015eAAT SANAY\u0130 VE T\u0130CARET LTD \u015eT\u0130<br>\n            <\/p>\n            <a href=\"https:\/\/sefkattur.com\/index.php\/hakkimizda\/\" class=\"u-border-2 u-border-white u-btn u-button-style u-hover-white u-none u-text-hover-white u-text-white u-btn-1\">HAKKIMIZDA<\/a>\n          <\/div>\n        <\/div>\n      <\/div>\n      <a class=\"u-absolute-vcenter u-carousel-control u-carousel-control-prev u-hidden u-text-grey-30 u-block-1a36-3\" href=\"#carousel_2109\" role=\"button\" data-u-slide=\"prev\">\n        <span aria-hidden=\"true\">\n          <svg class=\"u-svg-link\" viewBox=\"0 0 477.175 477.175\"><path d=\"M145.188,238.575l215.5-215.5c5.3-5.3,5.3-13.8,0-19.1s-13.8-5.3-19.1,0l-225.1,225.1c-5.3,5.3-5.3,13.8,0,19.1l225.1,225\n                    c2.6,2.6,6.1,4,9.5,4s6.9-1.3,9.5-4c5.3-5.3,5.3-13.8,0-19.1L145.188,238.575z\"><\/path><\/svg>\n        <\/span>\n        <span class=\"sr-only\">Previous<\/span>\n      <\/a>\n      <a class=\"u-carousel-control u-carousel-control-next u-hidden u-text-grey-30 u-block-1a36-4\" href=\"#carousel_2109\" role=\"button\" data-u-slide=\"next\">\n        <span aria-hidden=\"true\">\n          <svg class=\"u-svg-link\" viewBox=\"0 0 477.175 477.175\"><path d=\"M360.731,229.075l-225.1-225.1c-5.3-5.3-13.8-5.3-19.1,0s-5.3,13.8,0,19.1l215.5,215.5l-215.5,215.5\n                    c-5.3,5.3-5.3,13.8,0,19.1c2.6,2.6,6.1,4,9.5,4c3.4,0,6.9-1.3,9.5-4l225.1-225.1C365.931,242.875,365.931,234.275,360.731,229.075z\"><\/path><\/svg>\n        <\/span>\n        <span class=\"sr-only\">\u0130leri<\/span>\n      <\/a>\n    <\/section>\n    <section class=\"u-clearfix u-lightbox u-section-3\" id=\"sec-110a\">\n      <div class=\"u-clearfix u-expanded-width u-gutter-0 u-layout-wrap u-layout-wrap-1\">\n        <div class=\"u-layout\" style=\"\">\n          <div class=\"u-layout-row\" style=\"\">\n            <div class=\"u-container-style u-layout-cell u-left-cell u-size-59 u-size-xs-60 u-white u-layout-cell-1\" src=\"\">\n              <div class=\"u-container-layout u-container-layout-1\">\n                <h2 class=\"u-align-center u-text u-text-1\">\u00d6\u011frenci Ta\u015f\u0131mac\u0131l\u0131\u011f\u0131<\/h2>\n                <p class=\"u-align-center u-text u-text-2\"> \u00c7ok de\u011ferli \u00e7ocuklar\u0131m\u0131z\u0131 evlerinden al\u0131p okullar\u0131na okullar\u0131ndan al\u0131p evlerine g\u00fcvenli bir \u015fekilde teslim ediyoruz.<\/p>\n              <\/div>\n            <\/div>\n            <div class=\"u-container-style u-layout-cell u-right-cell u-size-1 u-size-xs-60 u-layout-cell-2\" src=\"\">\n              <div class=\"u-container-layout u-container-layout-2\" src=\"\"><\/div>\n            <\/div>\n          <\/div>\n        <\/div>\n      <\/div>\n      <img class=\"u-expanded-width u-image u-image-1\" src=\"http:\/\/sefkattur.com\/wp-content\/uploads\/2022\/12\/pendikte-ogrenci-servisi1-1.jpg\" data-image-width=\"2000\" data-image-height=\"500\" data-animation-name=\"customAnimationIn\" data-animation-duration=\"1500\">\n    <\/section>\n    <section class=\"u-clearfix u-lightbox u-section-4\" id=\"sec-ef59\">\n      <div class=\"u-clearfix u-expanded-width u-gutter-0 u-layout-wrap u-layout-wrap-1\">\n        <div class=\"u-layout\" style=\"\">\n          <div class=\"u-layout-row\" style=\"\">\n            <div class=\"u-container-style u-layout-cell u-left-cell u-size-59 u-size-xs-60 u-white u-layout-cell-1\" src=\"\">\n              <div class=\"u-container-layout u-container-layout-1\">\n                <h2 class=\"u-align-center u-text u-text-1\">Personel Ta\u015f\u0131mac\u0131l\u0131\u011f\u0131<\/h2>\n                <p class=\"u-align-center u-text u-text-2\">Fabrika ve i\u015fyerlerinizdeki \u00e7al\u0131\u015fma arkada\u015flar\u0131n\u0131z\u0131n zahmetsiz h\u0131zl\u0131 ve g\u00fcvenilir bir \u015fekilde i\u015fyerinize ve evlerine ula\u015f\u0131m\u0131n\u0131 sa\u011fl\u0131yoruz.<\/p>\n              <\/div>\n            <\/div>\n            <div class=\"u-container-style u-layout-cell u-right-cell u-size-1 u-size-xs-60 u-layout-cell-2\" src=\"\">\n              <div class=\"u-container-layout u-container-layout-2\" src=\"\"><\/div>\n            <\/div>\n          <\/div>\n        <\/div>\n      <\/div>\n      <img class=\"u-expanded-width u-image u-image-1\" src=\"http:\/\/sefkattur.com\/wp-content\/uploads\/2022\/12\/05_10_2018_14_42_50-1.png\" data-image-width=\"1024\" data-image-height=\"683\" data-animation-name=\"customAnimationIn\" data-animation-duration=\"1500\" data-animation-direction=\"\">\n    <\/section>\n    \n    \n    \n  \n","protected":false},"excerpt":{"rendered":"<p>\u015eEFKAT TUR\u0130ZM TA\u015eIMA GIDA \u0130N\u015eAAT SANAY\u0130 VE T\u0130CARET LTD \u015eT\u0130 HAKKIMIZDA Previous \u0130leri \u00d6\u011frenci Ta\u015f\u0131mac\u0131l\u0131\u011f\u0131 \u00c7ok de\u011ferli \u00e7ocuklar\u0131m\u0131z\u0131 evlerinden al\u0131p okullar\u0131na okullar\u0131ndan al\u0131p evlerine g\u00fcvenli bir \u015fekilde teslim ediyoruz. Personel Ta\u015f\u0131mac\u0131l\u0131\u011f\u0131 Fabrika ve i\u015fyerlerinizdeki \u00e7al\u0131\u015fma arkada\u015flar\u0131n\u0131z\u0131n zahmetsiz h\u0131zl\u0131 ve g\u00fcvenilir bir \u015fekilde i\u015fyerinize ve evlerine ula\u015f\u0131m\u0131n\u0131 sa\u011fl\u0131yoruz.<\/p>\n","protected":false},"author":1,"featured_media":0,"parent":0,"menu_order":1,"comment_status":"closed","ping_status":"closed","template":"","meta":[],"_links":{"self":[{"href":"https:\/\/sefkattur.com\/index.php\/wp-json\/wp\/v2\/pages\/133"}],"collection":[{"href":"https:\/\/sefkattur.com\/index.php\/wp-json\/wp\/v2\/pages"}],"about":[{"href":"https:\/\/sefkattur.com\/index.php\/wp-json\/wp\/v2\/types\/page"}],"author":[{"embeddable":true,"href":"https:\/\/sefkattur.com\/index.php\/wp-json\/wp\/v2\/users\/1"}],"replies":[{"embeddable":true,"href":"https:\/\/sefkattur.com\/index.php\/wp-json\/wp\/v2\/comments?post=133"}],"version-history":[{"count":1,"href":"https:\/\/sefkattur.com\/index.php\/wp-json\/wp\/v2\/pages\/133\/revisions"}],"predecessor-version":[{"id":142,"href":"https:\/\/sefkattur.com\/index.php\/wp-json\/wp\/v2\/pages\/133\/revisions\/142"}],"wp:attachment":[{"href":"https:\/\/sefkattur.com\/index.php\/wp-json\/wp\/v2\/media?parent=133"}],"curies":[{"name":"wp","href":"https:\/\/api.w.org\/{rel}","templated":true}]}}