{"id":134,"date":"2022-12-11T14:12:05","date_gmt":"2022-12-11T11:12:05","guid":{"rendered":"https:\/\/sefkattur.com\/index.php\/hakkimizda\/"},"modified":"2022-12-11T14:12:07","modified_gmt":"2022-12-11T11:12:07","slug":"hakkimizda","status":"publish","type":"page","link":"https:\/\/sefkattur.com\/index.php\/hakkimizda\/","title":{"rendered":"Hakk\u0131m\u0131zda"},"content":{"rendered":"\n  \n    <section class=\"u-clearfix u-gradient u-section-1\" id=\"sec-800b\">\n      <div class=\"u-clearfix u-sheet u-sheet-1\">\n        <div class=\"u-clearfix u-expanded-width u-gutter-0 u-layout-wrap u-layout-wrap-1\">\n          <div class=\"u-layout\">\n            <div class=\"u-layout-row\">\n              <div class=\"u-align-center u-container-style u-image u-layout-cell u-left-cell u-size-36 u-image-1\" data-image-width=\"720\" data-image-height=\"405\" style=\"background-image: url(&quot;http:\/\/sefkattur.com\/wp-content\/uploads\/2022\/12\/ogrenci-servisi-yonetim-sistemi-00-1.jpeg&quot;);\">\n                <div class=\"u-container-layout u-valign-middle u-container-layout-1\"><\/div>\n              <\/div>\n              <div class=\"u-align-left u-container-style u-layout-cell u-right-cell u-size-24 u-layout-cell-2\">\n                <div class=\"u-container-layout u-valign-middle-lg u-valign-middle-md u-valign-middle-sm u-valign-middle-xl u-valign-top-xs u-container-layout-2\">\n                  <h2 class=\"u-text u-text-default u-text-1\">Hakk\u0131m\u0131zda<\/h2>\n                  <p class=\"u-text u-text-2\">\u015eefkat Turizm olarak 1995'ten beri y\u00fcksek kalite ve konforu ilke ediniyoruz. Ta\u015f\u0131d\u0131\u011f\u0131m\u0131z her bireyin sa\u011fl\u0131\u011f\u0131 ve refah\u0131n\u0131 en \u00fcst d\u00fczeyde tutmay\u0131 hedefliyor ve 1995'ten beri bu ilkelerle ta\u015f\u0131mac\u0131l\u0131\u011f\u0131m\u0131z\u0131 yap\u0131yoruz.&nbsp;<\/p>\n                  <a href=\"https:\/\/sefkattur.com\/index.php\/iletisim\/\" class=\"u-border-2 u-border-black u-btn u-button-style u-hover-black u-none u-text-black u-text-hover-white u-btn-1\">TEKL\u0130F AL<\/a>\n                <\/div>\n              <\/div>\n            <\/div>\n          <\/div>\n        <\/div>\n      <\/div>\n    <\/section>\n    \n    \n    \n    \n  \n","protected":false},"excerpt":{"rendered":"<p>Hakk\u0131m\u0131zda \u015eefkat Turizm olarak 1995&#8217;ten beri y\u00fcksek kalite ve konforu ilke ediniyoruz. Ta\u015f\u0131d\u0131\u011f\u0131m\u0131z her bireyin sa\u011fl\u0131\u011f\u0131 ve refah\u0131n\u0131 en \u00fcst d\u00fczeyde tutmay\u0131 hedefliyor ve 1995&#8217;ten beri bu ilkelerle ta\u015f\u0131mac\u0131l\u0131\u011f\u0131m\u0131z\u0131 yap\u0131yoruz.&nbsp; TEKL\u0130F AL<\/p>\n","protected":false},"author":1,"featured_media":0,"parent":0,"menu_order":2,"comment_status":"closed","ping_status":"closed","template":"","meta":[],"_links":{"self":[{"href":"https:\/\/sefkattur.com\/index.php\/wp-json\/wp\/v2\/pages\/134"}],"collection":[{"href":"https:\/\/sefkattur.com\/index.php\/wp-json\/wp\/v2\/pages"}],"about":[{"href":"https:\/\/sefkattur.com\/index.php\/wp-json\/wp\/v2\/types\/page"}],"author":[{"embeddable":true,"href":"https:\/\/sefkattur.com\/index.php\/wp-json\/wp\/v2\/users\/1"}],"replies":[{"embeddable":true,"href":"https:\/\/sefkattur.com\/index.php\/wp-json\/wp\/v2\/comments?post=134"}],"version-history":[{"count":1,"href":"https:\/\/sefkattur.com\/index.php\/wp-json\/wp\/v2\/pages\/134\/revisions"}],"predecessor-version":[{"id":143,"href":"https:\/\/sefkattur.com\/index.php\/wp-json\/wp\/v2\/pages\/134\/revisions\/143"}],"wp:attachment":[{"href":"https:\/\/sefkattur.com\/index.php\/wp-json\/wp\/v2\/media?parent=134"}],"curies":[{"name":"wp","href":"https:\/\/api.w.org\/{rel}","templated":true}]}}