{"id":135,"date":"2022-12-11T14:12:06","date_gmt":"2022-12-11T11:12:06","guid":{"rendered":"https:\/\/sefkattur.com\/index.php\/iletisim\/"},"modified":"2022-12-13T13:28:27","modified_gmt":"2022-12-13T10:28:27","slug":"iletisim","status":"publish","type":"page","link":"https:\/\/sefkattur.com\/index.php\/iletisim\/","title":{"rendered":"\u0130leti\u015fim"},"content":{"rendered":"\n    \n    <section class=\"u-clearfix u-container-align-center u-section-2\" id=\"carousel_83f0\">\n      <div class=\"u-clearfix u-sheet u-sheet-1\">\n        <img class=\"u-image u-image-1\" src=\"http:\/\/sefkattur.com\/wp-content\/uploads\/2022\/12\/favicon-1.png?rand=6424\" data-image-width=\"500\" data-image-height=\"500\">\n        <div class=\"u-form u-radius-50 u-white u-form-1\">\n          <form action=\"https:\/\/forms.nicepagesrv.com\/Form\/Process\" class=\"u-clearfix u-form-spacing-20 u-form-vertical u-inner-form\" source=\"email\" name=\"form\" style=\"padding: 30px;\">\n            <div class=\"u-form-email u-form-group u-form-partition-factor-2\">\n              <label for=\"email-7dcd\" class=\"u-label u-text-grey-40 u-label-1\">Email<\/label>\n              <input type=\"email\" id=\"email-7dcd\" name=\"email\" class=\"u-border-1 u-border-grey-40 u-input u-input-rectangle u-white\" required=\"\">\n            <\/div>\n            <div class=\"u-form-group u-form-name u-form-partition-factor-2\">\n              <label for=\"name-7dcd\" class=\"u-label u-text-grey-40 u-label-2\">\u0130sim<\/label>\n              <input type=\"text\" id=\"name-7dcd\" name=\"name\" class=\"u-border-1 u-border-grey-40 u-input u-input-rectangle u-white\" required=\"\">\n            <\/div>\n            <div class=\"u-form-group u-form-partition-factor-2 u-form-phone u-form-group-3\">\n              <label for=\"phone-907f\" class=\"u-label u-text-grey-40 u-label-3\">Telefon<\/label>\n              <input type=\"tel\" pattern=\"+?d{0,3}[s(-]?([0-9]{2,3})[s)-]?([s-]?)([0-9]{3})[s-]?([0-9]{2})[s-]?([0-9]{2})\" id=\"phone-907f\" name=\"phone\" class=\"u-border-1 u-border-grey-40 u-input u-input-rectangle u-white\" required=\"\">\n            <\/div>\n            <div class=\"u-form-group u-form-partition-factor-2 u-form-select u-form-group-4\">\n              <label for=\"select-c5b6\" class=\"u-label u-text-grey-40 u-label-4\">\u0130stedi\u011finiz Hizmeti Se\u00e7iniz<\/label>\n              <div class=\"u-form-select-wrapper\">\n                <select id=\"select-c5b6\" name=\"select\" class=\"u-border-1 u-border-grey-40 u-input u-input-rectangle u-white\">\n                  <option value=\"Personel Ta\u015f\u0131mac\u0131l\u0131\u011f\u0131\">Personel Ta\u015f\u0131mac\u0131l\u0131\u011f\u0131<\/option>\n                  <option value=\"Okul Servisi\">Okul Servisi<\/option>\n                  <option value=\"\u00d6zel G\u00fcnlere Ara\u00e7\">\u00d6zel G\u00fcnlere Ara\u00e7<\/option>\n                <\/select>\n                <svg class=\"u-caret u-caret-svg\" version=\"1.1\" id=\"Layer_1\" xmlns=\"http:\/\/www.w3.org\/2000\/svg\" xmlns:xlink=\"http:\/\/www.w3.org\/1999\/xlink\" x=\"0px\" y=\"0px\" width=\"16px\" height=\"16px\" viewBox=\"0 0 16 16\" style=\"fill:currentColor;\" xml:space=\"preserve\"><polygon class=\"st0\" points=\"8,12 2,4 14,4 \"><\/polygon><\/svg>\n              <\/div>\n            <\/div>\n            <div class=\"u-border-1 u-border-grey-40 u-form-group u-form-line u-line u-line-horizontal u-line-1\"><\/div>\n            <div class=\"u-form-group u-form-message\">\n              <label for=\"message-7dcd\" class=\"u-label u-text-grey-40 u-label-5\">Hizmet<\/label>\n              <textarea placeholder=\"Hizmetle ilgili bilgi veriniz\" rows=\"4\" cols=\"50\" id=\"message-7dcd\" name=\"message\" class=\"u-border-1 u-border-grey-40 u-input u-input-rectangle u-white\"><\/textarea>\n            <\/div>\n            <div class=\"u-align-center u-form-group u-form-submit\">\n              <a href=\"#\" class=\"u-btn u-btn-submit u-button-style\">G\u00d6NDER<br>\n              <\/a>\n              <input type=\"submit\" value=\"submit\" class=\"u-form-control-hidden\">\n            <\/div>\n            <div class=\"u-form-send-message u-form-send-success\"> Thank you! Your message has been sent. <\/div>\n            <div class=\"u-form-send-error u-form-send-message\"> Unable to send your message. Please fix errors then try again. <\/div>\n            <input type=\"hidden\" value=\"\" name=\"recaptchaResponse\">\n            <input type=\"hidden\" name=\"formServices\" value=\"062f16cb1e1789ac00ad8930ca43d0c6\">\n          <\/form>\n        <\/div>\n        <p class=\"u-text u-text-default u-text-1\">Image from <a href=\"https:\/\/api.whatsapp.com\/send\/?phone=905537602861&amp;text=%C4%B0nternet+siteleri+hakk%C4%B1nda+bilgi+almak+istiyorum+.&amp;type=phone_number&amp;app_absent=0\" class=\"u-active-none u-border-none u-btn u-button-link u-button-style u-hover-none u-none u-text-palette-1-base u-btn-2\">Assel<\/a>\n        <\/p>\n      <\/div>\n    <\/section>\n    \n    \n    \n  \n","protected":false},"excerpt":{"rendered":"<p>Email \u0130sim Telefon \u0130stedi\u011finiz Hizmeti Se\u00e7iniz Personel Ta\u015f\u0131mac\u0131l\u0131\u011f\u0131 Okul Servisi \u00d6zel G\u00fcnlere Ara\u00e7 Hizmet G\u00d6NDER Thank you! Your message has been sent. Unable to send your message. Please fix errors then try again. Image from Assel<\/p>\n","protected":false},"author":1,"featured_media":0,"parent":0,"menu_order":3,"comment_status":"closed","ping_status":"closed","template":"","meta":[],"_links":{"self":[{"href":"https:\/\/sefkattur.com\/index.php\/wp-json\/wp\/v2\/pages\/135"}],"collection":[{"href":"https:\/\/sefkattur.com\/index.php\/wp-json\/wp\/v2\/pages"}],"about":[{"href":"https:\/\/sefkattur.com\/index.php\/wp-json\/wp\/v2\/types\/page"}],"author":[{"embeddable":true,"href":"https:\/\/sefkattur.com\/index.php\/wp-json\/wp\/v2\/users\/1"}],"replies":[{"embeddable":true,"href":"https:\/\/sefkattur.com\/index.php\/wp-json\/wp\/v2\/comments?post=135"}],"version-history":[{"count":2,"href":"https:\/\/sefkattur.com\/index.php\/wp-json\/wp\/v2\/pages\/135\/revisions"}],"predecessor-version":[{"id":154,"href":"https:\/\/sefkattur.com\/index.php\/wp-json\/wp\/v2\/pages\/135\/revisions\/154"}],"wp:attachment":[{"href":"https:\/\/sefkattur.com\/index.php\/wp-json\/wp\/v2\/media?parent=135"}],"curies":[{"name":"wp","href":"https:\/\/api.w.org\/{rel}","templated":true}]}}